{"id":58,"date":"2018-04-19T08:14:03","date_gmt":"2018-04-19T08:14:03","guid":{"rendered":"http:\/\/focusxflow.com\/?page_id=58"},"modified":"2022-11-10T23:08:01","modified_gmt":"2022-11-10T23:08:01","slug":"references","status":"publish","type":"page","link":"https:\/\/focusxflow.com\/?page_id=58","title":{"rendered":"REFERENCES"},"content":{"rendered":"<p>Une exp\u00e9rience acquise en entreprise et en consulting.<\/p>\n<ul>\n<li>Fid\u00e9lisation et r\u00e9tention :<br \/>\n&#8211; D\u00e9finition et impl\u00e9mentation de la strat\u00e9gie de fid\u00e9lisation &#8211; Gleeph<br \/>\n&#8211; Impl\u00e9mentation de l&rsquo;outil Adobe Marketing Campaign &#8211; Redcats<br \/>\n&#8211; Impl\u00e9mentation de SalesForce Marketing Cloud &#8211; Viadeo<br \/>\n&#8211; Mise en place de l&rsquo;ensemble des flux automatiques &#8211; Viadeo<br \/>\n&#8211; Impl\u00e9mentation de Salesforce Sales Cloud &#8211; SAAMP<br \/>\n&#8211; Acquisition et trafic &#8211; Gleeph &amp; Clergerie<\/li>\n<\/ul>\n<ul>\n<li>Innovation :<br \/>\n&#8211; Growth campaigns &#8211; Gleeph<br \/>\n&#8211; Strat\u00e9gies de d\u00e9veloppement sur le march\u00e9 Fran\u00e7ais des start-ups de l&rsquo;\u00e9cosyst\u00e8me &#8211; Adecco.<br \/>\n&#8211; Algorithme de recommandation Produits &#8211; Redcats<br \/>\n&#8211; Impl\u00e9mentation de Tableau et reports automatiques &#8211; Viadeo<br \/>\n&#8211; Reporting sur Google Data Studio (Looker) &#8211; Gleeph &amp; Clergerie<\/li>\n<\/ul>\n<ul>\n<li>Voice of customer \/ Data :<br \/>\n&#8211; Segmentation users &#8211; Viadeo<br \/>\n&#8211; Marketing Mix Modeling &#8211; Redcats<br \/>\n&#8211; Migration Data &#8211; The Oz<\/li>\n<\/ul>\n","protected":false},"excerpt":{"rendered":"<p>Une exp\u00e9rience acquise en entreprise et en consulting. Fid\u00e9lisation et r\u00e9tention : &#8211; D\u00e9finition et impl\u00e9mentation de la strat\u00e9gie de fid\u00e9lisation &#8211; Gleeph &#8211; Impl\u00e9mentation de l&rsquo;outil Adobe Marketing Campaign &#8211; Redcats &#8211; Impl\u00e9mentation de SalesForce Marketing Cloud &#8211; Viadeo &#8211; Mise en place de l&rsquo;ensemble des flux automatiques &#8211; Viadeo &#8211; Impl\u00e9mentation de Salesforce &#8230; <a title=\"REFERENCES\" class=\"read-more\" href=\"https:\/\/focusxflow.com\/?page_id=58\" aria-label=\"En savoir plus sur REFERENCES\">Lire la suite<\/a><\/p>\n","protected":false},"author":1,"featured_media":129,"parent":48,"menu_order":0,"comment_status":"closed","ping_status":"closed","template":"","meta":{"footnotes":""},"class_list":["post-58","page","type-page","status-publish","has-post-thumbnail"],"_links":{"self":[{"href":"https:\/\/focusxflow.com\/index.php?rest_route=\/wp\/v2\/pages\/58","targetHints":{"allow":["GET"]}}],"collection":[{"href":"https:\/\/focusxflow.com\/index.php?rest_route=\/wp\/v2\/pages"}],"about":[{"href":"https:\/\/focusxflow.com\/index.php?rest_route=\/wp\/v2\/types\/page"}],"author":[{"embeddable":true,"href":"https:\/\/focusxflow.com\/index.php?rest_route=\/wp\/v2\/users\/1"}],"replies":[{"embeddable":true,"href":"https:\/\/focusxflow.com\/index.php?rest_route=%2Fwp%2Fv2%2Fcomments&post=58"}],"version-history":[{"count":3,"href":"https:\/\/focusxflow.com\/index.php?rest_route=\/wp\/v2\/pages\/58\/revisions"}],"predecessor-version":[{"id":153,"href":"https:\/\/focusxflow.com\/index.php?rest_route=\/wp\/v2\/pages\/58\/revisions\/153"}],"up":[{"embeddable":true,"href":"https:\/\/focusxflow.com\/index.php?rest_route=\/wp\/v2\/pages\/48"}],"wp:featuredmedia":[{"embeddable":true,"href":"https:\/\/focusxflow.com\/index.php?rest_route=\/wp\/v2\/media\/129"}],"wp:attachment":[{"href":"https:\/\/focusxflow.com\/index.php?rest_route=%2Fwp%2Fv2%2Fmedia&parent=58"}],"curies":[{"name":"wp","href":"https:\/\/api.w.org\/{rel}","templated":true}]}}