{"id":56,"date":"2018-04-19T07:56:17","date_gmt":"2018-04-19T07:56:17","guid":{"rendered":"http:\/\/focusxflow.com\/?page_id=56"},"modified":"2019-01-07T12:40:42","modified_gmt":"2019-01-07T12:40:42","slug":"competences","status":"publish","type":"page","link":"https:\/\/focusxflow.com\/?page_id=56","title":{"rendered":"COMPETENCES"},"content":{"rendered":"<p>Notre obsession : votre&nbsp;ROI.<\/p>\n<p>Start-ups, PME, grands&nbsp;groupes, tirez&nbsp;la meilleure rentabilit\u00e9 de votre Marketing.<\/p>\n<ul>\n<li>Optimisez&nbsp;vos campagnes de fid\u00e9lisation et r\u00e9tention, en les automatisant et en les hyper-personnalisant. Vos datas cachent des ressources insoup\u00e7onn\u00e9es !<\/li>\n<li>Innovez et surprenez vos prospects, utilisateurs\/consommateurs et vos clients. Pour cela, co-cr\u00e9ons \u00e0 partir de vos actifs des strat\u00e9gies d&rsquo;acquisition et de fid\u00e9lisation originales.<\/li>\n<li>Comment exprimer les qualit\u00e9s de votre entreprise, de vos services, de vos produits, sans connaitre les attentes et habitudes de vos utilisateurs et de vos clients? Segmenter, mod\u00e9liser et pr\u00e9voir le comportement et les attentes de vos consommateurs vous donne une longueur d&rsquo;avance sur vos concurrents.<\/li>\n<\/ul>\n<p>&nbsp;<\/p>\n","protected":false},"excerpt":{"rendered":"<p>Notre obsession : votre&nbsp;ROI. Start-ups, PME, grands&nbsp;groupes, tirez&nbsp;la meilleure rentabilit\u00e9 de votre Marketing. Optimisez&nbsp;vos campagnes de fid\u00e9lisation et r\u00e9tention, en les automatisant et en les hyper-personnalisant. Vos datas cachent des ressources insoup\u00e7onn\u00e9es ! Innovez et surprenez vos prospects, utilisateurs\/consommateurs et vos clients. Pour cela, co-cr\u00e9ons \u00e0 partir de vos actifs des strat\u00e9gies d&rsquo;acquisition et de &#8230; <a title=\"COMPETENCES\" class=\"read-more\" href=\"https:\/\/focusxflow.com\/?page_id=56\" aria-label=\"En savoir plus sur COMPETENCES\">Lire la suite<\/a><\/p>\n","protected":false},"author":1,"featured_media":20,"parent":48,"menu_order":0,"comment_status":"closed","ping_status":"closed","template":"","meta":{"footnotes":""},"class_list":["post-56","page","type-page","status-publish","has-post-thumbnail"],"_links":{"self":[{"href":"https:\/\/focusxflow.com\/index.php?rest_route=\/wp\/v2\/pages\/56","targetHints":{"allow":["GET"]}}],"collection":[{"href":"https:\/\/focusxflow.com\/index.php?rest_route=\/wp\/v2\/pages"}],"about":[{"href":"https:\/\/focusxflow.com\/index.php?rest_route=\/wp\/v2\/types\/page"}],"author":[{"embeddable":true,"href":"https:\/\/focusxflow.com\/index.php?rest_route=\/wp\/v2\/users\/1"}],"replies":[{"embeddable":true,"href":"https:\/\/focusxflow.com\/index.php?rest_route=%2Fwp%2Fv2%2Fcomments&post=56"}],"version-history":[{"count":3,"href":"https:\/\/focusxflow.com\/index.php?rest_route=\/wp\/v2\/pages\/56\/revisions"}],"predecessor-version":[{"id":98,"href":"https:\/\/focusxflow.com\/index.php?rest_route=\/wp\/v2\/pages\/56\/revisions\/98"}],"up":[{"embeddable":true,"href":"https:\/\/focusxflow.com\/index.php?rest_route=\/wp\/v2\/pages\/48"}],"wp:featuredmedia":[{"embeddable":true,"href":"https:\/\/focusxflow.com\/index.php?rest_route=\/wp\/v2\/media\/20"}],"wp:attachment":[{"href":"https:\/\/focusxflow.com\/index.php?rest_route=%2Fwp%2Fv2%2Fmedia&parent=56"}],"curies":[{"name":"wp","href":"https:\/\/api.w.org\/{rel}","templated":true}]}}