{"id":48,"date":"2018-04-19T07:00:44","date_gmt":"2018-04-19T07:00:44","guid":{"rendered":"http:\/\/focusxflow.com\/?page_id=48"},"modified":"2019-04-04T06:32:57","modified_gmt":"2019-04-04T06:32:57","slug":"acquisition-retention-fidelisation-monetisation","status":"publish","type":"page","link":"https:\/\/focusxflow.com\/","title":{"rendered":"Acquisition, r\u00e9tention, fid\u00e9lisation, mon\u00e9tisation\u2026"},"content":{"rendered":"<p>\u2026 Quel que soit le sujet, une campagne r\u00e9ussie est une campagne qui atteint ses objectifs. Cela a l\u2019air tout simple, mais dans la vraie vie, c\u2019est compliqu\u00e9.<\/p>\n<p>Chez Focus x Flow, nous vous accompagnons dans la d\u00e9finition et la r\u00e9alisation de vos objectifs.<\/p>\n<p>Gr\u00e2ce \u00e0 notre exp\u00e9rience, nous fixons des objectifs ambitieux, certes, mais atteignables, assortis \u00e0 une strat\u00e9gie et un ciblage coh\u00e9rents.<\/p>\n<p>Nous mettons en place les campagnes et leurs suivis sur les outils du march\u00e9 ou vos outils sp\u00e9cifiques, formons et accompagnons vos \u00e9quipes afin qu\u2019elles soient rapidement autonomes.<\/p>\n<p>Explorez nos r\u00e9f\u00e9rences et comp\u00e9tences pour en savoir plus\u2026<\/p>\n","protected":false},"excerpt":{"rendered":"<p>\u2026 Quel que soit le sujet, une campagne r\u00e9ussie est une campagne qui atteint ses objectifs. Cela a l\u2019air tout simple, mais dans la vraie vie, c\u2019est compliqu\u00e9. Chez Focus x Flow, nous vous accompagnons dans la d\u00e9finition et la r\u00e9alisation de vos objectifs. Gr\u00e2ce \u00e0 notre exp\u00e9rience, nous fixons des objectifs ambitieux, certes, mais &#8230; <a title=\"Acquisition, r\u00e9tention, fid\u00e9lisation, mon\u00e9tisation\u2026\" class=\"read-more\" href=\"https:\/\/focusxflow.com\/\" aria-label=\"En savoir plus sur Acquisition, r\u00e9tention, fid\u00e9lisation, mon\u00e9tisation\u2026\">Lire la suite<\/a><\/p>\n","protected":false},"author":1,"featured_media":55,"parent":0,"menu_order":0,"comment_status":"closed","ping_status":"closed","template":"","meta":{"footnotes":""},"class_list":["post-48","page","type-page","status-publish","has-post-thumbnail"],"_links":{"self":[{"href":"https:\/\/focusxflow.com\/index.php?rest_route=\/wp\/v2\/pages\/48","targetHints":{"allow":["GET"]}}],"collection":[{"href":"https:\/\/focusxflow.com\/index.php?rest_route=\/wp\/v2\/pages"}],"about":[{"href":"https:\/\/focusxflow.com\/index.php?rest_route=\/wp\/v2\/types\/page"}],"author":[{"embeddable":true,"href":"https:\/\/focusxflow.com\/index.php?rest_route=\/wp\/v2\/users\/1"}],"replies":[{"embeddable":true,"href":"https:\/\/focusxflow.com\/index.php?rest_route=%2Fwp%2Fv2%2Fcomments&post=48"}],"version-history":[{"count":2,"href":"https:\/\/focusxflow.com\/index.php?rest_route=\/wp\/v2\/pages\/48\/revisions"}],"predecessor-version":[{"id":54,"href":"https:\/\/focusxflow.com\/index.php?rest_route=\/wp\/v2\/pages\/48\/revisions\/54"}],"wp:featuredmedia":[{"embeddable":true,"href":"https:\/\/focusxflow.com\/index.php?rest_route=\/wp\/v2\/media\/55"}],"wp:attachment":[{"href":"https:\/\/focusxflow.com\/index.php?rest_route=%2Fwp%2Fv2%2Fmedia&parent=48"}],"curies":[{"name":"wp","href":"https:\/\/api.w.org\/{rel}","templated":true}]}}